{"id":71,"date":"2017-06-02T11:35:42","date_gmt":"2017-06-02T09:35:42","guid":{"rendered":"https:\/\/hausderfamilieblog.wordpress.com\/?page_id=71"},"modified":"2024-08-18T15:33:19","modified_gmt":"2024-08-18T13:33:19","slug":"impressum","status":"publish","type":"page","link":"https:\/\/hausderfamilie.org\/index.php\/impressum\/","title":{"rendered":"Impressum"},"content":{"rendered":"<div class=\"entry\">\n<p><strong>Impressum\/Anbieterkennzeichnung<\/strong><\/p>\n<p>Die nachstehenden Informationen enthalten die gesetzlich vorgesehenen Pflichtangaben zur Anbieterkennzeichnung, zu den datenschutzrechtlichen Informationspflichten sowie weitere wichtige rechtliche Hinweise zur Internetpr\u00e4senz der Evangelischen Kirchengemeinde Niedersch\u00f6nhausen-Nordend (= <a href=\"http:\/\/www.hausderfamilie\" rel=\"nofollow\">http:\/\/www.hausderfamilie.de<\/a>).<\/p>\n<p>Die Evangelische Kirchengemeinde Niedersch\u00f6nhausen-Nordend ist eine Kirchengemeinde innerhalb der Evangelischen Kirche Berlin-Brandenburg-schlesische Oberlausitz (www.ekbo.de).<\/p>\n<p>F\u00fcr den Inhalt dieser Internetpr\u00e4senz verantwortlich ist:<br \/>\nGemeindekirchenrat der Evangelische Kirchengemeinde Niedersch\u00f6nhausen-Nordend.<br \/>\nVertreten durch seine Vorsitzenden:<br \/>\nWolfgang Jakob<br \/>\nDietzgenstra\u00dfe 19-23<br \/>\n13156 Berlin<\/p>\n<p>Fon: 030 \/ 476 29 00<br \/>\nFax: 030 \/ 474 89 672<br \/>\nMail: <a href=\"mailto:w.jakob@friedenskirche-niederschoenhausen.de\">w.jakob@friedenskirche-niederschoenhausen.de<\/a><\/p>\n<p>Redaktionsverantwortlich<br \/>\nPfarrer Stephan Br\u00fcckner<br \/>\nDietzgenstrasse 19-23<br \/>\n13156 Berlin<br \/>\nFon: 030\/476 29 00<br \/>\nMail: s.brueckner@friedenskirche-nordend.de<\/p>\n<p><strong>Datenschutzhinweis<\/strong><\/p>\n<p>Hinweise zum Datenschutz finden Sie <a href=\"https:\/\/hausderfamilie.org\/index.php\/privacy-policy\/\">hier<\/a>.<\/p>\n<p><strong>Rechtliche Hinweise zur Haftung f\u00fcr eigene Inhalte<\/strong><\/p>\n<p>Die Evangelische Kirchengemeinde Niedersch\u00f6nhausen-Nordend ist f\u00fcr ihre eigenen Inhalte, die sie zur Nutzung bereith\u00e4lt, nach den allgemeinen Gesetzen verantwortlich. Die Evangelische Kirchengemeinde Niedersch\u00f6nhausen-Nordend ist um Richtigkeit und Aktualit\u00e4t der auf dieser Internetpr\u00e4senz bereitgestellten Informationen bem\u00fcht. Trotzdem k\u00f6nnen Fehler und Unklarheiten nicht vollst\u00e4ndig ausgeschlossen werden. Die Evangelische Kirchengemeinde Niedersch\u00f6nhausen-Nordend \u00fcbernimmt deshalb keine Gew\u00e4hr f\u00fcr die Aktualit\u00e4t, Richtigkeit, Vollst\u00e4ndigkeit oder Qualit\u00e4t der bereitgestellten Informationen. F\u00fcr Sch\u00e4den materieller oder immaterieller Art, die durch die Nutzung oder Nichtnutzung der dargebotenen Informationen bzw. durch die Nutzung fehlerhafter und unvollst\u00e4ndiger Informationen unmittelbar oder mittelbar verursacht werden, haftet die Evangelische Kirchengemeinde Berlin-Niedersch\u00f6nhausen nicht, sofern ihr nicht nachweislich vors\u00e4tzliches oder grob fahrl\u00e4ssiges Verschulden zur Last f\u00e4llt. Wir behalten uns vor, Teile des Internetangebots oder das gesamte Angebot ohne gesonderte Ank\u00fcndigung zu ver\u00e4ndern, zu erg\u00e4nzen, zu l\u00f6schen oder die Ver\u00f6ffentlichung zeitweise oder endg\u00fcltig einzustellen.<\/p>\n<p><strong>Rechtliche Hinweise zu Verkn\u00fcpfungen auf externe Seiten<\/strong><\/p>\n<p>Auf dieser Internetpr\u00e4senz befinden sich Verkn\u00fcpfungen zu externen Seiten. Die externen Links finden sich in der Menueleiste unter \u201eLinks\u201c. Auf den einzelnen Seiten sind externe Links\u00a0durch <strong>lila Schrift <\/strong>gekennzeichnet. F\u00fcr die Inhalte der verlinkten externen Seiten ist stets der jeweilige Anbieter verantwortlich. Die Evangelische Kirchengemeinde Niedersch\u00f6nhausen-Nordend hat bei der erstmaligen Verkn\u00fcpfung den fremden Inhalt daraufhin \u00fcberpr\u00fcft, ob durch ihn eine m\u00f6gliche zivilrechtliche oder strafrechtliche Verantwortlichkeit ausgel\u00f6st wird. Eine permanente inhaltliche Kontrolle der verkn\u00fcpften externen Seiten ist jedoch ohne konkrete Anhaltspunkte einer Rechtsverletzung nicht zumutbar. Wenn die Evangelische Kirchengemeinde Niedersch\u00f6nhausen-Nordend feststellt oder von anderen darauf hingewiesen wird, dass ein externes Angebot, auf das per Link verkn\u00fcpft ist, eine zivil- oder strafrechtliche Verantwortlichkeit ausl\u00f6st, wird sie den Link auf dieses Angebot unverz\u00fcglich aufheben. Die Evangelische Kirchengemeinde Niedersch\u00f6nhausen-Nordend distanziert sich ausdr\u00fccklich von derartigen Inhalten.<\/p>\n<p><strong>Rechtliche Hinweise zum Urheberrecht<\/strong><\/p>\n<p>Das Layout der Homepage, die verwendeten Fotos und Grafiken sowie die sonstigen Inhalte der Internetpr\u00e4senz der Evangelische Kirchengemeinde Niedersch\u00f6nhausen-Nordend sind urheberrechtlich gesch\u00fctzt.<\/p>\n<\/div>\n","protected":false},"excerpt":{"rendered":"<p>Impressum\/Anbieterkennzeichnung Die nachstehenden Informationen enthalten die gesetzlich vorgesehenen Pflichtangaben zur Anbieterkennzeichnung, zu den datenschutzrechtlichen Informationspflichten sowie weitere wichtige rechtliche Hinweise zur Internetpr\u00e4senz der Evangelischen Kirchengemeinde Niedersch\u00f6nhausen-Nordend (= http:\/\/www.hausderfamilie.de). Die Evangelische Kirchengemeinde Niedersch\u00f6nhausen-Nordend ist eine Kirchengemeinde innerhalb der Evangelischen Kirche Berlin-Brandenburg-schlesische Oberlausitz (www.ekbo.de). F\u00fcr den Inhalt dieser Internetpr\u00e4senz verantwortlich ist: Gemeindekirchenrat der Evangelische Kirchengemeinde Niedersch\u00f6nhausen-Nordend. Vertreten &hellip; <a href=\"https:\/\/hausderfamilie.org\/index.php\/impressum\/\" class=\"more-link\">Weiterlesen <span class=\"screen-reader-text\">Impressum<\/span><\/a><\/p>\n","protected":false},"author":2,"featured_media":0,"parent":0,"menu_order":9,"comment_status":"closed","ping_status":"closed","template":"page-templates\/full-width-page.php","meta":{"footnotes":""},"class_list":["post-71","page","type-page","status-publish","hentry","without-featured-image"],"jetpack_sharing_enabled":false,"_links":{"self":[{"href":"https:\/\/hausderfamilie.org\/index.php\/wp-json\/wp\/v2\/pages\/71","targetHints":{"allow":["GET"]}}],"collection":[{"href":"https:\/\/hausderfamilie.org\/index.php\/wp-json\/wp\/v2\/pages"}],"about":[{"href":"https:\/\/hausderfamilie.org\/index.php\/wp-json\/wp\/v2\/types\/page"}],"author":[{"embeddable":true,"href":"https:\/\/hausderfamilie.org\/index.php\/wp-json\/wp\/v2\/users\/2"}],"replies":[{"embeddable":true,"href":"https:\/\/hausderfamilie.org\/index.php\/wp-json\/wp\/v2\/comments?post=71"}],"version-history":[{"count":3,"href":"https:\/\/hausderfamilie.org\/index.php\/wp-json\/wp\/v2\/pages\/71\/revisions"}],"predecessor-version":[{"id":1645,"href":"https:\/\/hausderfamilie.org\/index.php\/wp-json\/wp\/v2\/pages\/71\/revisions\/1645"}],"wp:attachment":[{"href":"https:\/\/hausderfamilie.org\/index.php\/wp-json\/wp\/v2\/media?parent=71"}],"curies":[{"name":"wp","href":"https:\/\/api.w.org\/{rel}","templated":true}]}}